{"id":21,"date":"2023-04-26T14:49:41","date_gmt":"2023-04-26T12:49:41","guid":{"rendered":"https:\/\/k-25.de\/?page_id=21"},"modified":"2025-05-08T14:44:17","modified_gmt":"2025-05-08T12:44:17","slug":"impressum","status":"publish","type":"page","link":"https:\/\/k-25.de\/en\/impressum\/","title":{"rendered":"Imprint"},"content":{"rendered":"\n<h2 class=\"wp-block-heading\">Angaben gem\u00e4\u00df \u00a7 5 TMG<\/h2>\n\n\n\n<p>Schmallenbach GbR<br>F\u00f6rsterstra\u00dfe 13<br>52072 Aachen<\/p>\n\n\n\n<p><strong>Vertreten durch:<\/strong><br>Vertreten durch Gesch\u00e4ftsf\u00fchrer: Lutz Schmallenbach<\/p>\n\n\n\n<h2 class=\"wp-block-heading\">Kontakt<\/h2>\n\n\n\n<p>Telefon: [Telefonnummer]<br>E-Mail: Info@k-25.de<\/p>\n\n\n\n<h2 class=\"wp-block-heading\">Verbraucher\u00adstreit\u00adbeilegung\/Universal\u00adschlichtungs\u00adstelle<\/h2>\n\n\n\n<p>Wir sind nicht bereit oder verpflichtet, an Streitbeilegungsverfahren vor einer Verbraucherschlichtungsstelle teilzunehmen.<\/p>\n","protected":false},"excerpt":{"rendered":"<p>Angaben gem\u00e4\u00df \u00a7 5 TMG Schmallenbach GbRF\u00f6rsterstra\u00dfe 1352072 Aachen Vertreten durch:Vertreten durch Gesch\u00e4ftsf\u00fchrer: Lutz Schmallenbach Kontakt Telefon: [Telefonnummer]E-Mail: Info@k-25.de Verbraucher\u00adstreit\u00adbeilegung\/Universal\u00adschlichtungs\u00adstelle Wir sind nicht bereit oder verpflichtet, an Streitbeilegungsverfahren vor einer Verbraucherschlichtungsstelle teilzunehmen.<\/p>\n","protected":false},"author":1,"featured_media":0,"parent":0,"menu_order":0,"comment_status":"closed","ping_status":"closed","template":"","meta":{"footnotes":""},"class_list":["post-21","page","type-page","status-publish","hentry"],"yoast_head":"<!-- This site is optimized with the Yoast SEO plugin v27.3 - https:\/\/yoast.com\/product\/yoast-seo-wordpress\/ -->\n<title>Impressum - K25<\/title>\n<meta name=\"robots\" content=\"index, follow, max-snippet:-1, max-image-preview:large, max-video-preview:-1\" \/>\n<link rel=\"canonical\" href=\"https:\/\/k-25.de\/en\/impressum\/\" \/>\n<meta property=\"og:locale\" content=\"en_US\" \/>\n<meta property=\"og:type\" content=\"article\" \/>\n<meta property=\"og:title\" content=\"Impressum - K25\" \/>\n<meta property=\"og:description\" content=\"Angaben gem\u00e4\u00df \u00a7 5 TMG Schmallenbach GbRF\u00f6rsterstra\u00dfe 1352072 Aachen Vertreten durch:Vertreten durch Gesch\u00e4ftsf\u00fchrer: Lutz Schmallenbach Kontakt Telefon: [Telefonnummer]E-Mail: Info@k-25.de Verbraucher\u00adstreit\u00adbeilegung\/Universal\u00adschlichtungs\u00adstelle Wir sind nicht bereit oder verpflichtet, an Streitbeilegungsverfahren vor einer Verbraucherschlichtungsstelle teilzunehmen.\" \/>\n<meta property=\"og:url\" content=\"https:\/\/k-25.de\/en\/impressum\/\" \/>\n<meta property=\"og:site_name\" content=\"K25\" \/>\n<meta property=\"article:modified_time\" content=\"2025-05-08T12:44:17+00:00\" \/>\n<meta name=\"twitter:card\" content=\"summary_large_image\" \/>\n<meta name=\"twitter:label1\" content=\"Est. reading time\" \/>\n\t<meta name=\"twitter:data1\" content=\"1 minute\" \/>\n<script type=\"application\/ld+json\" class=\"yoast-schema-graph\">{\"@context\":\"https:\\\/\\\/schema.org\",\"@graph\":[{\"@type\":\"WebPage\",\"@id\":\"https:\\\/\\\/k-25.de\\\/impressum\\\/\",\"url\":\"https:\\\/\\\/k-25.de\\\/impressum\\\/\",\"name\":\"Impressum - K25\",\"isPartOf\":{\"@id\":\"https:\\\/\\\/k-25.de\\\/#website\"},\"datePublished\":\"2023-04-26T12:49:41+00:00\",\"dateModified\":\"2025-05-08T12:44:17+00:00\",\"breadcrumb\":{\"@id\":\"https:\\\/\\\/k-25.de\\\/impressum\\\/#breadcrumb\"},\"inLanguage\":\"en-US\",\"potentialAction\":[{\"@type\":\"ReadAction\",\"target\":[\"https:\\\/\\\/k-25.de\\\/impressum\\\/\"]}]},{\"@type\":\"BreadcrumbList\",\"@id\":\"https:\\\/\\\/k-25.de\\\/impressum\\\/#breadcrumb\",\"itemListElement\":[{\"@type\":\"ListItem\",\"position\":1,\"name\":\"Startseite\",\"item\":\"https:\\\/\\\/k-25.de\\\/\"},{\"@type\":\"ListItem\",\"position\":2,\"name\":\"Impressum\"}]},{\"@type\":\"WebSite\",\"@id\":\"https:\\\/\\\/k-25.de\\\/#website\",\"url\":\"https:\\\/\\\/k-25.de\\\/\",\"name\":\"K25 - Urban Living\",\"description\":\"\",\"publisher\":{\"@id\":\"https:\\\/\\\/k-25.de\\\/#organization\"},\"potentialAction\":[{\"@type\":\"SearchAction\",\"target\":{\"@type\":\"EntryPoint\",\"urlTemplate\":\"https:\\\/\\\/k-25.de\\\/?s={search_term_string}\"},\"query-input\":{\"@type\":\"PropertyValueSpecification\",\"valueRequired\":true,\"valueName\":\"search_term_string\"}}],\"inLanguage\":\"en-US\"},{\"@type\":\"Organization\",\"@id\":\"https:\\\/\\\/k-25.de\\\/#organization\",\"name\":\"K25 - Urban Living\",\"url\":\"https:\\\/\\\/k-25.de\\\/\",\"logo\":{\"@type\":\"ImageObject\",\"inLanguage\":\"en-US\",\"@id\":\"https:\\\/\\\/k-25.de\\\/#\\\/schema\\\/logo\\\/image\\\/\",\"url\":\"https:\\\/\\\/k-25.de\\\/wp-content\\\/uploads\\\/K25-Logo-ex.svg\",\"contentUrl\":\"https:\\\/\\\/k-25.de\\\/wp-content\\\/uploads\\\/K25-Logo-ex.svg\",\"caption\":\"K25 - Urban Living\"},\"image\":{\"@id\":\"https:\\\/\\\/k-25.de\\\/#\\\/schema\\\/logo\\\/image\\\/\"}}]}<\/script>\n<!-- \/ Yoast SEO plugin. -->","yoast_head_json":{"title":"Impressum - K25","robots":{"index":"index","follow":"follow","max-snippet":"max-snippet:-1","max-image-preview":"max-image-preview:large","max-video-preview":"max-video-preview:-1"},"canonical":"https:\/\/k-25.de\/en\/impressum\/","og_locale":"en_US","og_type":"article","og_title":"Impressum - K25","og_description":"Angaben gem\u00e4\u00df \u00a7 5 TMG Schmallenbach GbRF\u00f6rsterstra\u00dfe 1352072 Aachen Vertreten durch:Vertreten durch Gesch\u00e4ftsf\u00fchrer: Lutz Schmallenbach Kontakt Telefon: [Telefonnummer]E-Mail: Info@k-25.de Verbraucher\u00adstreit\u00adbeilegung\/Universal\u00adschlichtungs\u00adstelle Wir sind nicht bereit oder verpflichtet, an Streitbeilegungsverfahren vor einer Verbraucherschlichtungsstelle teilzunehmen.","og_url":"https:\/\/k-25.de\/en\/impressum\/","og_site_name":"K25","article_modified_time":"2025-05-08T12:44:17+00:00","twitter_card":"summary_large_image","twitter_misc":{"Est. reading time":"1 minute"},"schema":{"@context":"https:\/\/schema.org","@graph":[{"@type":"WebPage","@id":"https:\/\/k-25.de\/impressum\/","url":"https:\/\/k-25.de\/impressum\/","name":"Impressum - K25","isPartOf":{"@id":"https:\/\/k-25.de\/#website"},"datePublished":"2023-04-26T12:49:41+00:00","dateModified":"2025-05-08T12:44:17+00:00","breadcrumb":{"@id":"https:\/\/k-25.de\/impressum\/#breadcrumb"},"inLanguage":"en-US","potentialAction":[{"@type":"ReadAction","target":["https:\/\/k-25.de\/impressum\/"]}]},{"@type":"BreadcrumbList","@id":"https:\/\/k-25.de\/impressum\/#breadcrumb","itemListElement":[{"@type":"ListItem","position":1,"name":"Startseite","item":"https:\/\/k-25.de\/"},{"@type":"ListItem","position":2,"name":"Impressum"}]},{"@type":"WebSite","@id":"https:\/\/k-25.de\/#website","url":"https:\/\/k-25.de\/","name":"K25 - Urban Living","description":"","publisher":{"@id":"https:\/\/k-25.de\/#organization"},"potentialAction":[{"@type":"SearchAction","target":{"@type":"EntryPoint","urlTemplate":"https:\/\/k-25.de\/?s={search_term_string}"},"query-input":{"@type":"PropertyValueSpecification","valueRequired":true,"valueName":"search_term_string"}}],"inLanguage":"en-US"},{"@type":"Organization","@id":"https:\/\/k-25.de\/#organization","name":"K25 - Urban Living","url":"https:\/\/k-25.de\/","logo":{"@type":"ImageObject","inLanguage":"en-US","@id":"https:\/\/k-25.de\/#\/schema\/logo\/image\/","url":"https:\/\/k-25.de\/wp-content\/uploads\/K25-Logo-ex.svg","contentUrl":"https:\/\/k-25.de\/wp-content\/uploads\/K25-Logo-ex.svg","caption":"K25 - Urban Living"},"image":{"@id":"https:\/\/k-25.de\/#\/schema\/logo\/image\/"}}]}},"_links":{"self":[{"href":"https:\/\/k-25.de\/en\/wp-json\/wp\/v2\/pages\/21","targetHints":{"allow":["GET"]}}],"collection":[{"href":"https:\/\/k-25.de\/en\/wp-json\/wp\/v2\/pages"}],"about":[{"href":"https:\/\/k-25.de\/en\/wp-json\/wp\/v2\/types\/page"}],"author":[{"embeddable":true,"href":"https:\/\/k-25.de\/en\/wp-json\/wp\/v2\/users\/1"}],"replies":[{"embeddable":true,"href":"https:\/\/k-25.de\/en\/wp-json\/wp\/v2\/comments?post=21"}],"version-history":[{"count":10,"href":"https:\/\/k-25.de\/en\/wp-json\/wp\/v2\/pages\/21\/revisions"}],"predecessor-version":[{"id":533,"href":"https:\/\/k-25.de\/en\/wp-json\/wp\/v2\/pages\/21\/revisions\/533"}],"wp:attachment":[{"href":"https:\/\/k-25.de\/en\/wp-json\/wp\/v2\/media?parent=21"}],"curies":[{"name":"wp","href":"https:\/\/api.w.org\/{rel}","templated":true}]}}